{"id":22825,"date":"2023-11-29T16:02:47","date_gmt":"2023-11-29T15:02:47","guid":{"rendered":"https:\/\/shop.plastika-bevc.com\/?post_type=product&#038;p=22825"},"modified":"2023-11-29T18:23:21","modified_gmt":"2023-11-29T17:23:21","slug":"justierfuesse-r-n-m6-x-6-o20","status":"publish","type":"product","link":"https:\/\/shop.plastika-bevc.com\/de\/produkt\/justierfuesse-r-n-m6-x-6-o20\/","title":{"rendered":"Justierf\u00fc\u00dfe R-N M6 x 6 \u00d820"},"content":{"rendered":"<h5>Beschreibung<\/h5>\n<p>fi (mm) = 20; H (mm) = 6; L (mm) = 6; M (mm) = 6<br \/><i class=\"fas fa-file-pdf\"><\/i><a href=\"\/wp-content\/uploads\/datasheet\/datasheet-Nogica-R-N.pdf\" target=_blank\" rel=\"noopener noreferrer\"> Technical Data Sheet SL\/EN\/DE<\/a><\/p>\n","protected":false},"excerpt":{"rendered":"<p>Beschreibung fi (mm) = 20; H (mm) = 6; L (mm) = 6; M (mm) = 6<\/p>\n","protected":false},"featured_media":453,"template":"","meta":{"inline_featured_image":false},"product_brand":[],"product_cat":[687,699],"product_tag":[],"class_list":{"0":"post-22825","1":"product","2":"type-product","3":"status-publish","4":"has-post-thumbnail","6":"product_cat-justierfuse-bodenausgleichsschrauben","7":"product_cat-r-n-justierfuesse-bodenausgleichsschrauben","8":"pa_barva-crna-de","9":"pa_barva-izdelka-ral-9005-tiefschwarz","10":"pa_fi-20-de","11":"pa_h-6-de","12":"pa_l-6-de","13":"pa_m-2-6-de","15":"first","16":"instock","17":"taxable","18":"shipping-taxable","19":"purchasable","20":"product-type-simple"},"_links":{"self":[{"href":"https:\/\/shop.plastika-bevc.com\/de\/wp-json\/wp\/v2\/product\/22825","targetHints":{"allow":["GET"]}}],"collection":[{"href":"https:\/\/shop.plastika-bevc.com\/de\/wp-json\/wp\/v2\/product"}],"about":[{"href":"https:\/\/shop.plastika-bevc.com\/de\/wp-json\/wp\/v2\/types\/product"}],"wp:featuredmedia":[{"embeddable":true,"href":"https:\/\/shop.plastika-bevc.com\/de\/wp-json\/wp\/v2\/media\/453"}],"wp:attachment":[{"href":"https:\/\/shop.plastika-bevc.com\/de\/wp-json\/wp\/v2\/media?parent=22825"}],"wp:term":[{"taxonomy":"product_brand","embeddable":true,"href":"https:\/\/shop.plastika-bevc.com\/de\/wp-json\/wp\/v2\/product_brand?post=22825"},{"taxonomy":"product_cat","embeddable":true,"href":"https:\/\/shop.plastika-bevc.com\/de\/wp-json\/wp\/v2\/product_cat?post=22825"},{"taxonomy":"product_tag","embeddable":true,"href":"https:\/\/shop.plastika-bevc.com\/de\/wp-json\/wp\/v2\/product_tag?post=22825"}],"curies":[{"name":"wp","href":"https:\/\/api.w.org\/{rel}","templated":true}]}}