{"id":22170,"date":"2023-08-30T10:12:37","date_gmt":"2023-08-30T08:12:37","guid":{"rendered":"https:\/\/shop.plastika-bevc.com\/?post_type=product&#038;p=22170"},"modified":"2023-08-31T16:45:34","modified_gmt":"2023-08-31T14:45:34","slug":"justierfuesse-n-fi-38-m10x30-signalweiss","status":"publish","type":"product","link":"https:\/\/shop.plastika-bevc.com\/de\/produkt\/justierfuesse-n-fi-38-m10x30-signalweiss\/","title":{"rendered":"Justierf\u00fc\u00dfe  N fi 38 M10x30 (Signalwei\u00df)"},"content":{"rendered":"<h5>Beschreibung<\/h5>\n<p>fi (mm) = 38; H (mm) = 10; L (mm) = 30; M (mm) = 10<br \/><i class=\"fas fa-file-pdf\"><\/i><a href=\"\/wp-content\/uploads\/datasheet\/datasheet-Nogice-z-nagibom.pdf\" target=_blank\" rel=\"noopener noreferrer\"> Technical Data Sheet SL\/EN\/DE<\/a><\/p>\n","protected":false},"excerpt":{"rendered":"<p>Beschreibung fi (mm) = 38; H (mm) = 10; L (mm) = 30; M (mm) = 10<\/p>\n","protected":false},"featured_media":468,"template":"","meta":{"inline_featured_image":false},"product_brand":[],"product_cat":[687,694],"product_tag":[],"class_list":{"0":"post-22170","1":"product","2":"type-product","3":"status-publish","4":"has-post-thumbnail","6":"product_cat-justierfuse-bodenausgleichsschrauben","7":"product_cat-gelenk-stellfuse-aus-polyamid","8":"pa_barva-bela-de","9":"pa_barva-izdelka-ral-9003-signalweiss","10":"pa_barvafull-ral-9003-bela-de","11":"pa_fi-38-de","12":"pa_h-10-de","13":"pa_l-30-de","14":"pa_m-2-10-de","16":"first","17":"instock","18":"taxable","19":"shipping-taxable","20":"purchasable","21":"product-type-simple"},"_links":{"self":[{"href":"https:\/\/shop.plastika-bevc.com\/de\/wp-json\/wp\/v2\/product\/22170","targetHints":{"allow":["GET"]}}],"collection":[{"href":"https:\/\/shop.plastika-bevc.com\/de\/wp-json\/wp\/v2\/product"}],"about":[{"href":"https:\/\/shop.plastika-bevc.com\/de\/wp-json\/wp\/v2\/types\/product"}],"wp:featuredmedia":[{"embeddable":true,"href":"https:\/\/shop.plastika-bevc.com\/de\/wp-json\/wp\/v2\/media\/468"}],"wp:attachment":[{"href":"https:\/\/shop.plastika-bevc.com\/de\/wp-json\/wp\/v2\/media?parent=22170"}],"wp:term":[{"taxonomy":"product_brand","embeddable":true,"href":"https:\/\/shop.plastika-bevc.com\/de\/wp-json\/wp\/v2\/product_brand?post=22170"},{"taxonomy":"product_cat","embeddable":true,"href":"https:\/\/shop.plastika-bevc.com\/de\/wp-json\/wp\/v2\/product_cat?post=22170"},{"taxonomy":"product_tag","embeddable":true,"href":"https:\/\/shop.plastika-bevc.com\/de\/wp-json\/wp\/v2\/product_tag?post=22170"}],"curies":[{"name":"wp","href":"https:\/\/api.w.org\/{rel}","templated":true}]}}