{"id":11899,"date":"2022-09-13T08:58:02","date_gmt":"2022-09-13T06:58:02","guid":{"rendered":"https:\/\/bevc-shop.aklih.eu\/izdelek\/justierfuesse-m8x20-fi40-crna\/"},"modified":"2022-12-08T13:16:26","modified_gmt":"2022-12-08T12:16:26","slug":"justierfuesse-m8x20-fi40-crna","status":"publish","type":"product","link":"https:\/\/shop.plastika-bevc.com\/de\/produkt\/justierfuesse-m8x20-fi40-crna\/","title":{"rendered":"Justierf\u00fc\u00dfe M8X20 FI40 \u010cRNA"},"content":{"rendered":"<h5>Beschreibung<\/h5>\n<p>fi (mm) = 40; H (mm) = 10; L (mm) = 20; M (mm) = 8<br \/><i class=\"fas fa-file-pdf\"><\/i><a href=\"\/wp-content\/uploads\/datasheet\/datasheet-Nogica-D.pdf\" target=_blank\"> Technical Data Sheet SL\/EN\/DE<\/a><\/p>\n","protected":false},"excerpt":{"rendered":"<p>Beschreibung fi (mm) = 40; H (mm) = 10; L (mm) = 20; M (mm) = 8<\/p>\n","protected":false},"featured_media":429,"template":"","meta":{"inline_featured_image":false},"product_brand":[],"product_cat":[687,702],"product_tag":[],"class_list":{"0":"post-11899","1":"product","2":"type-product","3":"status-publish","4":"has-post-thumbnail","6":"product_cat-justierfuse-bodenausgleichsschrauben","7":"product_cat-d-40mm-justierfuesse-bodenausgleichsschrauben","8":"pa_barva-crna-de","9":"pa_barva-izdelka-ral-9005-tiefschwarz","10":"pa_fi-40-de","11":"pa_h-10-de","12":"pa_l-20-de","13":"pa_m-2-8-de","15":"first","16":"instock","17":"taxable","18":"shipping-taxable","19":"purchasable","20":"product-type-simple"},"_links":{"self":[{"href":"https:\/\/shop.plastika-bevc.com\/de\/wp-json\/wp\/v2\/product\/11899","targetHints":{"allow":["GET"]}}],"collection":[{"href":"https:\/\/shop.plastika-bevc.com\/de\/wp-json\/wp\/v2\/product"}],"about":[{"href":"https:\/\/shop.plastika-bevc.com\/de\/wp-json\/wp\/v2\/types\/product"}],"wp:featuredmedia":[{"embeddable":true,"href":"https:\/\/shop.plastika-bevc.com\/de\/wp-json\/wp\/v2\/media\/429"}],"wp:attachment":[{"href":"https:\/\/shop.plastika-bevc.com\/de\/wp-json\/wp\/v2\/media?parent=11899"}],"wp:term":[{"taxonomy":"product_brand","embeddable":true,"href":"https:\/\/shop.plastika-bevc.com\/de\/wp-json\/wp\/v2\/product_brand?post=11899"},{"taxonomy":"product_cat","embeddable":true,"href":"https:\/\/shop.plastika-bevc.com\/de\/wp-json\/wp\/v2\/product_cat?post=11899"},{"taxonomy":"product_tag","embeddable":true,"href":"https:\/\/shop.plastika-bevc.com\/de\/wp-json\/wp\/v2\/product_tag?post=11899"}],"curies":[{"name":"wp","href":"https:\/\/api.w.org\/{rel}","templated":true}]}}