{"id":15260,"date":"2022-09-21T12:57:21","date_gmt":"2022-09-21T10:57:21","guid":{"rendered":"https:\/\/bevc-shop.aklih.eu\/register\/"},"modified":"2025-12-04T13:08:04","modified_gmt":"2025-12-04T12:08:04","slug":"register","status":"publish","type":"page","link":"https:\/\/shop.plastika-bevc.com\/de\/register\/","title":{"rendered":"Anmeldung\ufffc"},"content":{"rendered":"\n<div class=\"opis\"><h2>Das Registrieren im Online-Shop Plastika Bevc erm\u00f6glicht es Ihnen, Bestellungen zu \u00fcberpr\u00fcfen und schneller einzukaufen.<\/h2>\n\n<\/div>\n\n\n<div class=\"woocommerce-notices-wrapper\"><\/div>\n<form method=\"post\" id=\"wc-register-form\" class=\"woocommerce-form woocommerce-form-register register\"  >\n\n\t\n\t\n\t<p class=\"woocommerce-form-row woocommerce-form-row--wide form-row form-row-wide\">\n\t\t<label for=\"reg_username\">Benutzername <span class=\"required\">*<\/span><\/label>\n\t\t<input type=\"text\" class=\"woocommerce-Input woocommerce-Input--text input-text\" name=\"username\" id=\"reg_username\" autocomplete=\"username\" value=\"\" \/>\t<\/p>\n\n\t\n\t<p class=\"woocommerce-form-row woocommerce-form-row--wide form-row form-row-wide\">\n\t\t<label for=\"reg_email\">E-Mail-Adresse <span class=\"required\">*<\/span><\/label>\n\t\t<input type=\"email\" class=\"woocommerce-Input woocommerce-Input--text input-text\" name=\"email\" id=\"reg_email\" autocomplete=\"email\" value=\"\" \/>\t<\/p>\n\n\t\n\t<p class=\"woocommerce-form-row woocommerce-form-row--wide form-row form-row-wide\">\n\t\t<label for=\"reg_password\">Passwort <span class=\"required\">*<\/span><\/label>\n\t\t<input type=\"password\" class=\"woocommerce-Input woocommerce-Input--text input-text\" name=\"password\" id=\"reg_password\" autocomplete=\"new-password\" \/>\n\t<\/p>\n\n\t\n\t<p class=\"form-row form-row-wide mailchimp-newsletter\"><label for=\"mailchimp_woocommerce_newsletter\" class=\"woocommerce-form__label woocommerce-form__label-for-checkbox inline\"><input class=\"woocommerce-form__input woocommerce-form__input-checkbox input-checkbox\" id=\"mailchimp_woocommerce_newsletter\" type=\"checkbox\" name=\"mailchimp_woocommerce_newsletter\" value=\"1\" checked=\"checked\"> <span>Prijava na e-novice. Obvestila o novih izdelkih in promocijah.<\/span><\/label><\/p><div class=\"clear\"><\/div><wc-order-attribution-inputs><\/wc-order-attribution-inputs><div class=\"woocommerce-privacy-policy-text\"><p>Va\u0161i osebni podatki bodo slu\u017eili za izbolj\u0161avo va\u0161e uporabni\u0161ke izku\u0161nje na na\u0161i spletni strani, za upravljanje dostopa do va\u0161ega ra\u010duna in druge namene, opisane v <a href=\"https:\/\/shop.plastika-bevc.com\/pogoji-poslovanja\/\" class=\"woocommerce-privacy-policy-link\" target=\"_blank\">Datenschutzerkl\u00e4rung<\/a>.<\/p>\n<\/div>\n\t<p class=\"woocommerce-form-row form-row form-row-wide honeypot-field\" style=\"display: none !important;\">\n\t\t<label for=\"confirm_address\" aria-hidden=\"true\">\n\t\t\tConfirm Address\t\t<\/label>\n\t\t<input type=\"text\" name=\"confirm_address\" id=\"confirm_address\" value=\"\" autocomplete=\"off\" tabindex=\"-1\">\n\t<\/p>\n\n\t<div class=\"cf-turnstile\"\n\t\t data-sitekey=\"0x4AAAAAACEvCKdpAhsv1pvY\"\n\t\t data-theme=\"light\"\n\t\t data-size=\"invisible\">\n\t<\/div>\n\n\t<script src=\"https:\/\/challenges.cloudflare.com\/turnstile\/v0\/api.js\" async defer><\/script>\n\n\n\t<p class=\"woocommerce-FormRow form-row\">\n\t\t<input type=\"hidden\" id=\"woocommerce-register-nonce\" name=\"woocommerce-register-nonce\" value=\"6fdbeb655e\" \/><input type=\"hidden\" name=\"_wp_http_referer\" value=\"\/de\/wp-json\/wp\/v2\/pages\/15260\" \/>\t\t<button type=\"submit\" class=\"woocommerce-Button woocommerce-button button woocommerce-form-register__submit\" name=\"register\" value=\"Registrieren\">Registrieren<\/button>\n\t<\/p>\n\n\t\n<\/form>\n\n\n\n\n\n<a class=\"btn-switcher\" href=\"https:\/\/shop.plastika-bevc.com\/de\/login\/\"> Sie haben bereits ein Konto? Sich bewerben! <\/a>\n","protected":false},"excerpt":{"rendered":"<p>Das Registrieren im Online-Shop Plastika Bevc erm\u00f6glicht es Ihnen, Bestellungen zu \u00fcberpr\u00fcfen und schneller einzukaufen. Sie haben bereits ein Konto? Sich bewerben!<\/p>\n","protected":false},"author":1,"featured_media":0,"parent":0,"menu_order":0,"comment_status":"closed","ping_status":"closed","template":"","meta":{"inline_featured_image":false,"footnotes":""},"class_list":["post-15260","page","type-page","status-publish","hentry"],"_links":{"self":[{"href":"https:\/\/shop.plastika-bevc.com\/de\/wp-json\/wp\/v2\/pages\/15260","targetHints":{"allow":["GET"]}}],"collection":[{"href":"https:\/\/shop.plastika-bevc.com\/de\/wp-json\/wp\/v2\/pages"}],"about":[{"href":"https:\/\/shop.plastika-bevc.com\/de\/wp-json\/wp\/v2\/types\/page"}],"author":[{"embeddable":true,"href":"https:\/\/shop.plastika-bevc.com\/de\/wp-json\/wp\/v2\/users\/1"}],"replies":[{"embeddable":true,"href":"https:\/\/shop.plastika-bevc.com\/de\/wp-json\/wp\/v2\/comments?post=15260"}],"version-history":[{"count":0,"href":"https:\/\/shop.plastika-bevc.com\/de\/wp-json\/wp\/v2\/pages\/15260\/revisions"}],"wp:attachment":[{"href":"https:\/\/shop.plastika-bevc.com\/de\/wp-json\/wp\/v2\/media?parent=15260"}],"curies":[{"name":"wp","href":"https:\/\/api.w.org\/{rel}","templated":true}]}}