{"id":13972,"date":"2022-09-21T14:37:45","date_gmt":"2022-09-21T12:37:45","guid":{"rendered":"https:\/\/bevc-shop.aklih.eu\/pogoji-nakupa-in-vracila\/"},"modified":"2024-02-01T18:18:23","modified_gmt":"2024-02-01T17:18:23","slug":"kaufbedingungen","status":"publish","type":"page","link":"https:\/\/shop.plastika-bevc.com\/de\/kaufbedingungen\/","title":{"rendered":"Kaufbedingungen\ufffc"},"content":{"rendered":"\t\t<div data-elementor-type=\"wp-page\" data-elementor-id=\"13972\" class=\"elementor elementor-13972 elementor-13937\" data-elementor-post-type=\"page\">\n\t\t\t\t\t\t<section class=\"elementor-section elementor-top-section elementor-element elementor-element-348f4cf3 elementor-section-boxed elementor-section-height-default elementor-section-height-default\" data-id=\"348f4cf3\" data-element_type=\"section\">\n\t\t\t\t\t\t<div class=\"elementor-container elementor-column-gap-default\">\n\t\t\t\t\t<div class=\"elementor-column elementor-col-100 elementor-top-column elementor-element elementor-element-6668b457\" data-id=\"6668b457\" data-element_type=\"column\">\n\t\t\t<div class=\"elementor-widget-wrap elementor-element-populated\">\n\t\t\t\t\t\t<div class=\"elementor-element elementor-element-c2112d2 elementor-widget elementor-widget-heading\" data-id=\"c2112d2\" data-element_type=\"widget\" data-widget_type=\"heading.default\">\n\t\t\t\t<div class=\"elementor-widget-container\">\n\t\t\t\t\t<h1 class=\"elementor-heading-title elementor-size-default\">Kaufbedingungen<\/h1>\t\t\t\t<\/div>\n\t\t\t\t<\/div>\n\t\t\t\t<div class=\"elementor-element elementor-element-386b898c elementor-widget elementor-widget-heading\" data-id=\"386b898c\" data-element_type=\"widget\" data-widget_type=\"heading.default\">\n\t\t\t\t<div class=\"elementor-widget-container\">\n\t\t\t\t\t<p class=\"elementor-heading-title elementor-size-default\">Verbraucherrecht - R\u00fccktritt vom Vertrag\n\n<\/p>\t\t\t\t<\/div>\n\t\t\t\t<\/div>\n\t\t\t\t<div class=\"elementor-element elementor-element-3b3e7ebb elementor-widget elementor-widget-text-editor\" data-id=\"3b3e7ebb\" data-element_type=\"widget\" data-widget_type=\"text-editor.default\">\n\t\t\t\t<div class=\"elementor-widget-container\">\n\t\t\t\t\t\t\t\t\t<p>Bei Vertr\u00e4gen im Fernabsatz abgeschlossen, hat der Verbraucher das Recht innerhalb von 14 Tagen der Firma per E-Mail (info@plastika-bevc.com) oder einem anderen Kommunikationskanal eindeutig mitzuteilen, dass er, ohne Angabe von Gr\u00fcnden, vom Auftrag zur\u00fccktritt. Das Formular f\u00fcr den R\u00fcckzug aus einem Fernabsatzvertrag kann hier heruntergeladen werden.<\/p><p>Der Verbraucher muss, innerhalb von 14 Tagen nach Bekanntgabe der Aufhebung eines Vertrages, die Ware zur\u00fccksenden. Der Verbraucher liefert die Ware an die folgende Adresse: Plastika Bevc d.o.o., Mihovic 23, 8310 \u0160entjernej, Slowenien. Die einzigen Kosten, die dem Verbraucher in Bezug auf die Aufhebung des Vertrages entstehen,sind die unmittelbaren Kosten der R\u00fccksendung .<\/p><p>Der Verbraucher muss das Produkt an den Verk\u00e4ufer unbesch\u00e4digt und in der gleichen Menge zur\u00fcckgeben, es sei denn, das Produkt ist zerst\u00f6rt, besch\u00e4digt, verloren oder ihre Menge ist reduziert, ohne dass der Verbraucher daran eine Mitschuld hat.<\/p><p>Ebenso muss der Verbraucher bei einer R\u00fccksendung die Rechnung mitschicken, pers\u00f6nliche Daten, sowie die Bankverbindung auf die er die R\u00fcckerstattung w\u00fcnscht. Die Erstattung wird innerhalb von 14 Tagen nach Erhalt der Auftragsaufhebung get\u00e4tigt.<\/p>\t\t\t\t\t\t\t\t<\/div>\n\t\t\t\t<\/div>\n\t\t\t\t<div class=\"elementor-element elementor-element-3583ac7d elementor-widget elementor-widget-heading\" data-id=\"3583ac7d\" data-element_type=\"widget\" data-widget_type=\"heading.default\">\n\t\t\t\t<div class=\"elementor-widget-container\">\n\t\t\t\t\t<p class=\"elementor-heading-title elementor-size-default\">Beschwerden und streitigkeiten\n\n<\/p>\t\t\t\t<\/div>\n\t\t\t\t<\/div>\n\t\t\t\t<div class=\"elementor-element elementor-element-156cf200 elementor-widget elementor-widget-text-editor\" data-id=\"156cf200\" data-element_type=\"widget\" data-widget_type=\"text-editor.default\">\n\t\t\t\t<div class=\"elementor-widget-container\">\n\t\t\t\t\t\t\t\t\t<p>Plastika Bevc d.o.o. entspricht den geltenden europ\u00e4ischen Rechtsvorschriften \u00fcber den Verbraucherschutz . Plastika Bevc d.o.o. versucht mit allen Mitteln ihren Pflicht nachzukommen, ein wirksames System f\u00fcr den Umgang mit Beschwerden zu schaffen und eine Person zu benennen, die im Falle von Problemen mit dem Kunden per Telefon oder per E-Mail eine Verbindung herstellen kann.<\/p><p>Beschwerden m\u00fcssen per E-Mail info@plastika-bevc.com eingereicht werden. Das Beschwerdeverfahren ist vertraulich.Plastika Bevc d.o.o.wird innerhalb von f\u00fcnf Arbeitstagen best\u00e4tigen, dass sie eine Beschwerde erhalten hat und wie lange die Abfertigung dauern wird und sie dar\u00fcber auf dem Laufenden halten.<\/p><p>Plastika Bevc d.o.o. ist sich dar\u00fcber im Klaren, dass das wesentliche Merkmal eines Verbraucher- streits, zumindest so weit derFall zu l\u00f6sen ist, seine Asymmetrie zwischen dem wirtschaftlichen Wert der Anwendung und die bei der L\u00f6sung des Streits entstandenen Kosten sind. Es ist auch ein gro\u00dfes Hindernis f\u00fcr den Verbraucher das Verfahren vor Gericht einzuleiten. Daher ist Plastika Bevc d.o.o. stets bem\u00fcht Streitigkeiten g\u00fctlich zu l\u00f6sen.<\/p><p>Im Falle einer gerichtlichen Beilegung von Streitigkeiten, ist daf\u00fcr das Gericht des Wohnsitzes des Verbrauchers zust\u00e4ndig.<\/p>\t\t\t\t\t\t\t\t<\/div>\n\t\t\t\t<\/div>\n\t\t\t\t\t<\/div>\n\t\t<\/div>\n\t\t\t\t\t<\/div>\n\t\t<\/section>\n\t\t\t\t<\/div>\n\t\t","protected":false},"excerpt":{"rendered":"<p>Kaufbedingungen Verbraucherrecht &#8211; R\u00fccktritt vom Vertrag Bei Vertr\u00e4gen im Fernabsatz abgeschlossen, hat der Verbraucher das Recht innerhalb von 14 Tagen der Firma per E-Mail (info@plastika-bevc.com) oder einem anderen Kommunikationskanal eindeutig mitzuteilen, dass er, ohne Angabe von Gr\u00fcnden, vom Auftrag zur\u00fccktritt. Das Formular f\u00fcr den R\u00fcckzug aus einem Fernabsatzvertrag kann hier heruntergeladen werden. Der Verbraucher muss, [&hellip;]<\/p>\n","protected":false},"author":1,"featured_media":0,"parent":0,"menu_order":0,"comment_status":"closed","ping_status":"closed","template":"","meta":{"inline_featured_image":false,"footnotes":""},"class_list":["post-13972","page","type-page","status-publish","hentry"],"_links":{"self":[{"href":"https:\/\/shop.plastika-bevc.com\/de\/wp-json\/wp\/v2\/pages\/13972","targetHints":{"allow":["GET"]}}],"collection":[{"href":"https:\/\/shop.plastika-bevc.com\/de\/wp-json\/wp\/v2\/pages"}],"about":[{"href":"https:\/\/shop.plastika-bevc.com\/de\/wp-json\/wp\/v2\/types\/page"}],"author":[{"embeddable":true,"href":"https:\/\/shop.plastika-bevc.com\/de\/wp-json\/wp\/v2\/users\/1"}],"replies":[{"embeddable":true,"href":"https:\/\/shop.plastika-bevc.com\/de\/wp-json\/wp\/v2\/comments?post=13972"}],"version-history":[{"count":0,"href":"https:\/\/shop.plastika-bevc.com\/de\/wp-json\/wp\/v2\/pages\/13972\/revisions"}],"wp:attachment":[{"href":"https:\/\/shop.plastika-bevc.com\/de\/wp-json\/wp\/v2\/media?parent=13972"}],"curies":[{"name":"wp","href":"https:\/\/api.w.org\/{rel}","templated":true}]}}