{"id":13970,"date":"2022-09-21T14:38:02","date_gmt":"2022-09-21T12:38:02","guid":{"rendered":"https:\/\/bevc-shop.aklih.eu\/dostava-in-prevzem\/"},"modified":"2024-02-01T18:18:19","modified_gmt":"2024-02-01T17:18:19","slug":"versand-verfugbarkeit","status":"publish","type":"page","link":"https:\/\/shop.plastika-bevc.com\/de\/versand-verfugbarkeit\/","title":{"rendered":"Versand &#038; Verf\u00fcgbarkeit\ufffc"},"content":{"rendered":"\t\t<div data-elementor-type=\"wp-page\" data-elementor-id=\"13970\" class=\"elementor elementor-13970 elementor-13939\" data-elementor-post-type=\"page\">\n\t\t\t\t\t\t<section class=\"elementor-section elementor-top-section elementor-element elementor-element-69fa2de9 elementor-section-boxed elementor-section-height-default elementor-section-height-default\" data-id=\"69fa2de9\" data-element_type=\"section\">\n\t\t\t\t\t\t<div class=\"elementor-container elementor-column-gap-default\">\n\t\t\t\t\t<div class=\"elementor-column elementor-col-100 elementor-top-column elementor-element elementor-element-571c81dc\" data-id=\"571c81dc\" data-element_type=\"column\">\n\t\t\t<div class=\"elementor-widget-wrap elementor-element-populated\">\n\t\t\t\t\t\t<div class=\"elementor-element elementor-element-645f3d1e elementor-widget elementor-widget-heading\" data-id=\"645f3d1e\" data-element_type=\"widget\" data-widget_type=\"heading.default\">\n\t\t\t\t<div class=\"elementor-widget-container\">\n\t\t\t\t\t<h1 class=\"elementor-heading-title elementor-size-default\">Versand &amp; Verf\u00fcgbarkeit <\/h1>\t\t\t\t<\/div>\n\t\t\t\t<\/div>\n\t\t\t\t<div class=\"elementor-element elementor-element-214dfc93 elementor-widget elementor-widget-heading\" data-id=\"214dfc93\" data-element_type=\"widget\" data-widget_type=\"heading.default\">\n\t\t\t\t<div class=\"elementor-widget-container\">\n\t\t\t\t\t<p class=\"elementor-heading-title elementor-size-default\">Lieferzeit<\/p>\t\t\t\t<\/div>\n\t\t\t\t<\/div>\n\t\t\t\t<div class=\"elementor-element elementor-element-4d641cac elementor-widget elementor-widget-text-editor\" data-id=\"4d641cac\" data-element_type=\"widget\" data-widget_type=\"text-editor.default\">\n\t\t\t\t<div class=\"elementor-widget-container\">\n\t\t\t\t\t\t\t\t\t<p>Alle Auftr\u00e4ge, die w\u00e4hrend der Arbeitszeit vor 14 Uhr abgegeben werden, liefern wir am n\u00e4chsten Werktag, wenn per Nachnahme bezahlt wird. Auftr\u00e4ge, die Zahlung per Vorkasse gekennzeichnet haben, liefern wir sobald eine Anzahlung auf das Bankkonto eingeht. Bestellungen am Wochenende oder an Feiertagen,senden wir sofort am n\u00e4chsten Werktag. Bei Produkten, die eine gesondert angegebene l\u00e4ngere Lieferzeit haben, wird dieser eingehalten.<\/p>\t\t\t\t\t\t\t\t<\/div>\n\t\t\t\t<\/div>\n\t\t\t\t<div class=\"elementor-element elementor-element-42a1f9b1 elementor-widget elementor-widget-heading\" data-id=\"42a1f9b1\" data-element_type=\"widget\" data-widget_type=\"heading.default\">\n\t\t\t\t<div class=\"elementor-widget-container\">\n\t\t\t\t\t<p class=\"elementor-heading-title elementor-size-default\">Bezahlungsarten<\/p>\t\t\t\t<\/div>\n\t\t\t\t<\/div>\n\t\t\t\t<div class=\"elementor-element elementor-element-6c1b8918 elementor-widget elementor-widget-text-editor\" data-id=\"6c1b8918\" data-element_type=\"widget\" data-widget_type=\"text-editor.default\">\n\t\t\t\t<div class=\"elementor-widget-container\">\n\t\t\t\t\t\t\t\t\t<p>Der Online-Shop Plastika Bevc d.o.o. bietet folgende Zahlungsmethoden : 1. Nachnahme per Kurier GLS oder Slowenische Post, 2. Vorkasse (UPN ) auf das Konto des Unternehmens Plastika Bevc d.o.o., Porto und Verpackungskosten betragen 8,89 EUR (ohne MwSt), im Falle einer Bestellung im Wert von weniger als 20,00 EUR (ohne MwSt) berechnen wir zus\u00e4tzliche Bearbeitungskosten in H\u00f6he von 6,9 EUR (ohne MwSt). Bei einer Lieferung \u00fcber die Slowenische Post und Bezahlung per Nachnahme, berechnet die Post zus\u00e4tzlich 1,07 EUR .<\/p><p>M\u00f6glich ist auch ein pers\u00f6nliches Abholen in der Firmenzentrale Plastika Bevc d.o.o. in \u0160entjernej, wenn per Vorkasse bezahlt wird. Bei der \u00dcbernahme fallen kein zus\u00e4tzlich Kosten an.<br \/>Beachten Sie: diese Bedingungen und die Verpackungs- und Versandkosten gelten nur innerhalb der Republik Slowenien.<\/p>\t\t\t\t\t\t\t\t<\/div>\n\t\t\t\t<\/div>\n\t\t\t\t<div class=\"elementor-element elementor-element-593cbdc5 elementor-widget elementor-widget-heading\" data-id=\"593cbdc5\" data-element_type=\"widget\" data-widget_type=\"heading.default\">\n\t\t\t\t<div class=\"elementor-widget-container\">\n\t\t\t\t\t<p class=\"elementor-heading-title elementor-size-default\">Lieferung in Andere L\u00e4nder der EU<\/p>\t\t\t\t<\/div>\n\t\t\t\t<\/div>\n\t\t\t\t<div class=\"elementor-element elementor-element-b65f961 elementor-widget elementor-widget-text-editor\" data-id=\"b65f961\" data-element_type=\"widget\" data-widget_type=\"text-editor.default\">\n\t\t\t\t<div class=\"elementor-widget-container\">\n\t\t\t\t\t\t\t\t\t<table>\n<thead>\n<tr style=\"text-align: left;\">\n<th><span style=\"text-align: left; color: #000000;\">Zone<\/span><\/th>\n<th><span style=\"color: #000000;\">Land<\/span><\/th>\n<th><span style=\"color: #000000;\">Der Preis (ohne MwSt) <\/span><\/th>\n<th><\/th>\n<\/tr>\n<\/thead>\n<tbody>\n<tr>\n<td><span style=\"color: #000000;\">Zone 0\n<\/span><\/td>\n<td><span style=\"color: #000000;\">Slovenia<\/span><\/td>\n<td><span style=\"color: #000000;\">6,9 \u20ac<\/span><\/td>\n<td><span style=\"color: #000000;\">\u00a0paketpreis\n<\/span><\/td>\n<\/tr>\n<tr>\n<td><span style=\"color: #000000;\">Zone 1<\/span><\/td>\n<td><span style=\"color: #000000;\">Croatia<\/span><\/td>\n<td><span style=\"color: #000000;\">18,0328 \u20ac<\/span><\/td>\n<td><span style=\"color: #000000;\">paketpreis<\/span><\/td>\n<\/tr>\n<tr>\n<td><span style=\"color: #000000;\">Zone 2<\/span><\/td>\n<td><span style=\"color: #000000;\">Austria, Belgium, Czech Republic, Denmark, France, Italy, Latvia, Luxembourg, Hungary, Germany, Netderlands, Poland, Slovak Republic, United Kingdom<\/span><\/td>\n<td><span style=\"color: #000000;\">8,3193 \u20ac<\/span><\/td>\n<td>paketpreis<\/td>\n<\/tr>\n<tr>\n<td><span style=\"color: #000000;\">Zone 3<\/span><\/td>\n<td><span style=\"color: #000000;\">Bulgaria, Norway<\/span><\/td>\n<td><span style=\"color: #000000;\">43,2377 \u20ac<\/span><\/td>\n<td>paketpreis<\/td>\n<\/tr>\n<tr>\n<td><span style=\"color: #000000;\">Zone 4<\/span><\/td>\n<td><span style=\"color: #000000;\">Estonia, Finland, Greece, Ireland, Litduania, Portugal, Romania, Spain, Serbia, Switzerland, Sweden, Turkey<\/span><\/td>\n<td><span style=\"color: #000000;\">43,8770 \u20ac<\/span><\/td>\n<td>paketpreis<\/td>\n<\/tr>\n<tr>\n<td><span style=\"color: #000000;\">Zone 5<\/span><\/td>\n<td><span style=\"color: #000000;\">Palettentransport<\/span><\/td>\n<td><span style=\"color: #000000;\">150 \u20ac<\/span><\/td>\n<td>paketpreis<\/td>\n<\/tr>\n<\/tbody>\n<\/table>\t\t\t\t\t\t\t\t<\/div>\n\t\t\t\t<\/div>\n\t\t\t\t<div class=\"elementor-element elementor-element-76fcc68c elementor-widget elementor-widget-heading\" data-id=\"76fcc68c\" data-element_type=\"widget\" data-widget_type=\"heading.default\">\n\t\t\t\t<div class=\"elementor-widget-container\">\n\t\t\t\t\t<p class=\"elementor-heading-title elementor-size-default\">Rechnungsausstellung<\/p>\t\t\t\t<\/div>\n\t\t\t\t<\/div>\n\t\t\t\t<div class=\"elementor-element elementor-element-5ff68a7b elementor-widget elementor-widget-text-editor\" data-id=\"5ff68a7b\" data-element_type=\"widget\" data-widget_type=\"text-editor.default\">\n\t\t\t\t<div class=\"elementor-widget-container\">\n\t\t\t\t\t\t\t\t\t<p>Nach der Lieferung und Zahlung bestimmter Artikel sendet Plastika Bevc d.o.o. dem Kunden an seine E-mail Adresse auch eine Rechnung in pdf.Form. Auf der Rechnung sind alle Preise und Kosten des Kaufs aufgelistet.Der Kunde ist verpflichtet die Angaben vor der Bestellungsabgabe zu \u00fcberpr\u00fcfen.<\/p>\t\t\t\t\t\t\t\t<\/div>\n\t\t\t\t<\/div>\n\t\t\t\t\t<\/div>\n\t\t<\/div>\n\t\t\t\t\t<\/div>\n\t\t<\/section>\n\t\t\t\t<\/div>\n\t\t","protected":false},"excerpt":{"rendered":"<p>Versand &#038; Verf\u00fcgbarkeit Lieferzeit Alle Auftr\u00e4ge, die w\u00e4hrend der Arbeitszeit vor 14 Uhr abgegeben werden, liefern wir am n\u00e4chsten Werktag, wenn per Nachnahme bezahlt wird. Auftr\u00e4ge, die Zahlung per Vorkasse gekennzeichnet haben, liefern wir sobald eine Anzahlung auf das Bankkonto eingeht. Bestellungen am Wochenende oder an Feiertagen,senden wir sofort am n\u00e4chsten Werktag. Bei Produkten, die [&hellip;]<\/p>\n","protected":false},"author":1,"featured_media":0,"parent":0,"menu_order":0,"comment_status":"closed","ping_status":"closed","template":"","meta":{"inline_featured_image":false,"footnotes":""},"class_list":["post-13970","page","type-page","status-publish","hentry"],"_links":{"self":[{"href":"https:\/\/shop.plastika-bevc.com\/de\/wp-json\/wp\/v2\/pages\/13970","targetHints":{"allow":["GET"]}}],"collection":[{"href":"https:\/\/shop.plastika-bevc.com\/de\/wp-json\/wp\/v2\/pages"}],"about":[{"href":"https:\/\/shop.plastika-bevc.com\/de\/wp-json\/wp\/v2\/types\/page"}],"author":[{"embeddable":true,"href":"https:\/\/shop.plastika-bevc.com\/de\/wp-json\/wp\/v2\/users\/1"}],"replies":[{"embeddable":true,"href":"https:\/\/shop.plastika-bevc.com\/de\/wp-json\/wp\/v2\/comments?post=13970"}],"version-history":[{"count":0,"href":"https:\/\/shop.plastika-bevc.com\/de\/wp-json\/wp\/v2\/pages\/13970\/revisions"}],"wp:attachment":[{"href":"https:\/\/shop.plastika-bevc.com\/de\/wp-json\/wp\/v2\/media?parent=13970"}],"curies":[{"name":"wp","href":"https:\/\/api.w.org\/{rel}","templated":true}]}}